{"id":6327,"date":"2013-12-11T12:12:00","date_gmt":"2013-12-11T12:12:00","guid":{"rendered":"http:\/\/demo.qodeinteractive.com\/elision\/?page_id=6327"},"modified":"2025-11-12T22:54:55","modified_gmt":"2025-11-12T22:54:55","slug":"calidad-con-proposito","status":"publish","type":"page","link":"https:\/\/costatropic.webrandcr.cloud\/index.php\/calidad-con-proposito\/","title":{"rendered":"Calidad con prop\u00f3sito"},"content":{"rendered":"<section class=\"wpb-content-wrapper\">[vc_row row_type=&#8221;section&#8221; type=&#8221;full_width&#8221; text_align=&#8221;left&#8221; video=&#8221;&#8221; background_color=&#8221;#6ebfec&#8221; padding_top=&#8221;56&#8243; padding_bottom=&#8221;56&#8243; css=&#8221;.vc_custom_1762974367072{background-color: #6ebfec !important;}&#8221;][vc_column css=&#8221;.vc_custom_1762974307626{background-color: 6ebfec !important;}&#8221;][vc_column_text css=&#8221;.vc_custom_1762974257193{background-color: #6ebfec !important;}&#8221;]\n<h3 style=\"text-align: center;\"><span style=\"color: #ffffff;\">Porque cada producto refleja nuestro compromiso con la gente, el ambiente y la calidad.<\/span><\/h3>\n[\/vc_column_text][\/vc_column][\/vc_row][vc_row row_type=&#8221;section&#8221; type=&#8221;grid&#8221; anchor=&#8221;about_about&#8221; text_align=&#8221;left&#8221; video=&#8221;&#8221; background_color=&#8221;#f6f6f6&#8243; padding_top=&#8221;67&#8243; padding_bottom=&#8221;110&#8243;][vc_column][vc_row_inner row_type=&#8221;row&#8221; text_align=&#8221;left&#8221; css_animation=&#8221;&#8221;][vc_column_inner width=&#8221;1\/2&#8243;][vc_column_text]\n<h3>Calidad e Inocuidad que Generan Confianza<\/h3>\n[\/vc_column_text][vc_separator type=&#8221;transparent&#8221; up=&#8221;12&#8243; down=&#8221;12&#8243;][vc_column_text]\n<p data-start=\"595\" data-end=\"911\"><span style=\"color: #000000;\">En <strong data-start=\"598\" data-end=\"613\">Costatropic<\/strong>, la calidad es el eje que gu\u00eda cada etapa de nuestro proceso productivo.<\/span><br data-start=\"686\" data-end=\"689\" \/><span style=\"color: #000000;\">Aplicamos una <strong data-start=\"703\" data-end=\"740\">pol\u00edtica de inocuidad alimentaria<\/strong> que cumple con los m\u00e1s altos est\u00e1ndares internacionales, asegurando que cada producto sea <strong data-start=\"831\" data-end=\"863\">seguro, confiable y trazable<\/strong> desde su origen hasta la mesa del consumidor.<\/span><\/p>\n<p data-start=\"913\" data-end=\"1179\"><span style=\"color: #000000;\">Nuestro compromiso tambi\u00e9n abarca el <strong data-start=\"950\" data-end=\"997\">bienestar de las personas y las comunidades<\/strong> que hacen posible lo que somos. Creemos que una producci\u00f3n responsable se construye con trabajo digno, relaciones justas con nuestros proveedores y respeto absoluto por el ambiente.<\/span><\/p>\n[\/vc_column_text][vc_separator type=&#8221;transparent&#8221; up=&#8221;12&#8243; down=&#8221;12&#8243;]<a href=\"\" target=\"_self\" class=\"qbutton \" style=\"font-weight: 600; \">Contactenos<i class=\"fa fa-angle-right fa-lg\" style=\"\"><\/i><\/a>[\/vc_column_inner][vc_column_inner width=&#8221;1\/2&#8243;]<div class='q_progress_bar'><div class='progress_title_holder clearfix'><span class='progress_title'><h5 style=''>Cumplimiento de normas de inocuidad<\/h5><\/span><span class='progress_number_wrapper'><span class='progress_number' style=''><span>100<\/span>%<\/span><\/span><\/div><div class='progress_content_outer' style='background-color: #ededed;'><div data-percentage='100' class='progress_content' style=''><\/div><\/div><\/div>[vc_separator type=&#8221;transparent&#8221; up=&#8221;3&#8243; down=&#8221;4&#8243;]<div class='q_progress_bar'><div class='progress_title_holder clearfix'><span class='progress_title'><h5 style=''>Sostenibilidad y responsabilidad ambiental<\/h5><\/span><span class='progress_number_wrapper'><span class='progress_number' style=''><span>95<\/span>%<\/span><\/span><\/div><div class='progress_content_outer' style='background-color: #ededed;'><div data-percentage='95' class='progress_content' style=''><\/div><\/div><\/div>[vc_separator type=&#8221;transparent&#8221; up=&#8221;3&#8243; down=&#8221;4&#8243;]<div class='q_progress_bar'><div class='progress_title_holder clearfix'><span class='progress_title'><h5 style=''>Bienestar laboral y desarrollo humano<\/h5><\/span><span class='progress_number_wrapper'><span class='progress_number' style=''><span>90<\/span>%<\/span><\/span><\/div><div class='progress_content_outer' style='background-color: #ededed;'><div data-percentage='90' class='progress_content' style=''><\/div><\/div><\/div>[vc_separator type=&#8221;transparent&#8221; up=&#8221;3&#8243; down=&#8221;4&#8243;]<div class='q_progress_bar'><div class='progress_title_holder clearfix'><span class='progress_title'><h5 style=''>Relaciones \u00e9ticas con proveedores<\/h5><\/span><span class='progress_number_wrapper'><span class='progress_number' style=''><span>100<\/span>%<\/span><\/span><\/div><div class='progress_content_outer' style='background-color: #ededed;'><div data-percentage='100' class='progress_content' style=''><\/div><\/div><\/div>[\/vc_column_inner][\/vc_row_inner][\/vc_column][\/vc_row][vc_row row_type=&#8221;section&#8221; type=&#8221;grid&#8221; text_align=&#8221;left&#8221; video=&#8221;&#8221;][vc_column width=&#8221;5\/12&#8243;][vc_single_image image=&#8221;7523&#8243; img_size=&#8221;full&#8221; css=&#8221;.vc_custom_1762797445308{border-radius: 10px !important;}&#8221;][\/vc_column][vc_column width=&#8221;7\/12&#8243;]<span class=\"custom_font_holder\" style=\" font-size: 30px; line-height: 26px; font-style: normal; font-weight: 700; text-decoration: none; text-align: left;\"><span style=\"color: #000000;\"><strong>POL\u00cdTICA DE<\/strong><\/span>\u00a0<span style=\"color: #3366ff;\">INOCUIDAD<\/span><\/span>[vc_separator type=&#8221;normal&#8221;][vc_column_text]<span style=\"color: #000000;\">En <strong data-start=\"314\" data-end=\"329\">Costatropic<\/strong>, asumimos la inocuidad alimentaria como un compromiso inquebrantable en cada etapa de nuestra cadena productiva.<\/span><br data-start=\"442\" data-end=\"445\" \/><span style=\"color: #000000;\">Nuestra pol\u00edtica garantiza que todos los procesos sean apropiados para la funci\u00f3n que cumplimos dentro de la cadena alimentaria, cumpliendo con los <strong data-start=\"593\" data-end=\"681\">requisitos legales, reglamentarios y los acuerdos establecidos con nuestros clientes<\/strong>.<\/span><br data-start=\"682\" data-end=\"685\" \/><span style=\"color: #000000;\">Esta pol\u00edtica se <strong data-start=\"702\" data-end=\"789\">comunica, implementa y mantiene activamente en todos los niveles de la organizaci\u00f3n<\/strong>, promoviendo una cultura de calidad, responsabilidad y mejora continua.<\/span><br data-start=\"861\" data-end=\"864\" \/><span style=\"color: #000000;\">Adem\u00e1s, se revisa peri\u00f3dicamente para asegurar su adecuaci\u00f3n a las necesidades del mercado y est\u00e1 respaldada por <strong data-start=\"977\" data-end=\"1089\" data-is-only-node=\"\">objetivos medibles que reflejan nuestro compromiso con la excelencia y la confianza de nuestros consumidores<\/strong>.<\/span>[\/vc_column_text][\/vc_column][\/vc_row][vc_row row_type=&#8221;section&#8221; type=&#8221;grid&#8221; text_align=&#8221;center&#8221; video=&#8221;&#8221; background_color=&#8221;#6ebfec&#8221; padding_top=&#8221;42&#8243; padding_bottom=&#8221;42&#8243;][vc_column]<span class=\"custom_font_holder\" style=\"font-family: Open Sans; font-size: 30px; line-height: 26px; font-style: normal; font-weight: 700; text-decoration: none; text-align: center;\"><span style=\"color: #ffffff;\">POL\u00cdTICA SOCIAL DE<\/span> <span style=\"color: #3366ff;\">COSTATROPIC<\/span><\/span>[\/vc_column][\/vc_row][vc_row row_type=&#8221;section&#8221; type=&#8221;grid&#8221; text_align=&#8221;left&#8221; video=&#8221;&#8221;][vc_column width=&#8221;1\/2&#8243;][vc_single_image image=&#8221;7515&#8243; img_size=&#8221;full&#8221;][\/vc_column][vc_column width=&#8221;1\/2&#8243;][vc_column_text]\n<p data-start=\"307\" data-end=\"618\"><span style=\"color: #000000;\">En <strong data-start=\"310\" data-end=\"325\">Costatropic<\/strong>, creemos firmemente que la calidad de nuestros productos nace del compromiso con las personas que los hacen posibles. Nuestra <strong data-start=\"452\" data-end=\"471\">Pol\u00edtica Social<\/strong> refleja la responsabilidad que asumimos con nuestros colaboradores, las comunidades y los proveedores que forman parte de nuestra cadena de valor.<\/span><\/p>\n<p data-start=\"620\" data-end=\"1294\"><span style=\"color: #000000;\">Con nuestros <strong data-start=\"633\" data-end=\"650\">colaboradores<\/strong>, garantizamos condiciones laborales dignas y seguras, en apego total a la legislaci\u00f3n costarricense. Promovemos una cultura inclusiva, equitativa y libre de discriminaci\u00f3n, fomentando el desarrollo profesional mediante oportunidades constantes de capacitaci\u00f3n. Asimismo, velamos por la salud, el bienestar y la estabilidad de nuestro equipo, reconociendo que su crecimiento impulsa el \u00e9xito de toda la organizaci\u00f3n.<\/span><br data-start=\"1066\" data-end=\"1069\" \/><span style=\"color: #000000;\">Adem\u00e1s, mantenemos un compromiso activo con las comunidades locales, contribuyendo a su desarrollo mediante la generaci\u00f3n de empleo, el apoyo a la infraestructura p\u00fablica y la participaci\u00f3n en programas sociales y educativos.<\/span><\/p>\n<p data-start=\"1296\" data-end=\"1969\"><span style=\"color: #000000;\">Con nuestros <strong data-start=\"1309\" data-end=\"1324\">proveedores<\/strong>, construimos relaciones s\u00f3lidas y duraderas basadas en la confianza, la equidad y la sostenibilidad. Fomentamos la colaboraci\u00f3n justa y el respeto mutuo, asegurando precios equitativos y condiciones transparentes. A trav\u00e9s de capacitaciones en buenas pr\u00e1cticas agr\u00edcolas, sostenibilidad y seguridad alimentaria, promovemos su crecimiento y competitividad.<\/span><br data-start=\"1680\" data-end=\"1683\" \/><span style=\"color: #000000;\">Incentivamos la adopci\u00f3n de pr\u00e1cticas sostenibles que protejan el medio ambiente y garanticen condiciones laborales justas, sin explotaci\u00f3n ni trabajo infantil, asegurando el cumplimiento de est\u00e1ndares de calidad, inocuidad y responsabilidad social en toda nuestra cadena de suministro.<\/span><\/p>\n[\/vc_column_text][\/vc_column][\/vc_row][vc_row row_type=&#8221;section&#8221; type=&#8221;grid&#8221; text_align=&#8221;center&#8221; video=&#8221;&#8221; background_color=&#8221;#6ebfec&#8221; padding_top=&#8221;42&#8243; padding_bottom=&#8221;42&#8243;][vc_column]<span class=\"custom_font_holder\" style=\"font-family: Open Sans; font-size: 30px; line-height: 26px; font-style: normal; font-weight: 700; color: #d3d3d3; text-decoration: none; text-align: center;\"><strong><span style=\"color: #3366ff;\"><span style=\"color: #ffffff;\">POL\u00cdTICA <\/span><\/span><span style=\"color: #3366ff;\">AMBIENTAL<\/span><\/strong><\/span>[\/vc_column][\/vc_row][vc_row row_type=&#8221;section&#8221; type=&#8221;grid&#8221; text_align=&#8221;left&#8221; video=&#8221;&#8221;][vc_column width=&#8221;1\/2&#8243;][vc_single_image image=&#8221;7493&#8243; img_size=&#8221;full&#8221;][\/vc_column][vc_column width=&#8221;1\/2&#8243;][vc_column_text]<span style=\"color: #000000;\">Mantenemos un compromiso con la sostenibilidad y protecci\u00f3n ambiental, minimizando el impacto ecol\u00f3gico de nuestras operaciones.<\/span><\/p>\n<p><span style=\"color: #000000;\">Nuestros pilares incluyen:<\/span><br \/>\n<span style=\"color: #000000;\">Agricultura sostenible: Uso eficiente del agua y manejo de plagas para preservar el suelo y reducir el uso de productos qu\u00edmicos.<\/span><br \/>\n<span style=\"color: #000000;\">Reducci\u00f3n de la huella de carbono: Uso eficiente de energ\u00eda y tecnolog\u00edas limpias.<\/span><br \/>\n<span style=\"color: #000000;\">Manejo responsable de residuos: Reciclaje y reducci\u00f3n de desechos, buscando reutilizar subproductos.<\/span><br \/>\n<span style=\"color: #000000;\">Conciencia ambiental: Educaci\u00f3n sobre pr\u00e1cticas responsables para colaboradores y comunidades.<\/span>[\/vc_column_text][\/vc_column][\/vc_row][vc_row row_type=&#8221;section&#8221; type=&#8221;grid&#8221; text_align=&#8221;left&#8221; video=&#8221;&#8221; padding_top=&#8221;90&#8243; padding_bottom=&#8221;0&#8243; el_class=&#8221;no-border-section&#8221;][vc_column][vc_row_inner row_type=&#8221;row&#8221; text_align=&#8221;center&#8221; css_animation=&#8221;element_from_bottom&#8221;][vc_column_inner][vc_single_image image=&#8221;7491&#8243; img_size=&#8221;full&#8221; alignment=&#8221;center&#8221; css_animation=&#8221;slideInUp&#8221;][\/vc_column_inner][\/vc_row_inner][vc_separator type=&#8221;transparent&#8221;][vc_separator type=&#8221;normal&#8221; up=&#8221;-24&#8243; down=&#8221;0&#8243;][\/vc_column][\/vc_row]\n<\/section>","protected":false},"excerpt":{"rendered":"<p>[vc_row row_type=&#8221;section&#8221; type=&#8221;full_width&#8221; text_align=&#8221;left&#8221; video=&#8221;&#8221; background_color=&#8221;#6ebfec&#8221; padding_top=&#8221;56&#8243; padding_bottom=&#8221;56&#8243; css=&#8221;.vc_custom_1762974367072{background-color: #6ebfec !important;}&#8221;][vc_column css=&#8221;.vc_custom_1762974307626{background-color: 6ebfec !important;}&#8221;][vc_column_text css=&#8221;.vc_custom_1762974257193{background-color: #6ebfec !important;}&#8221;] Porque cada producto refleja nuestro compromiso con la gente, el ambiente y la calidad. [\/vc_column_text][\/vc_column][\/vc_row][vc_row row_type=&#8221;section&#8221; type=&#8221;grid&#8221; anchor=&#8221;about_about&#8221; text_align=&#8221;left&#8221; video=&#8221;&#8221; background_color=&#8221;#f6f6f6&#8243; padding_top=&#8221;67&#8243; padding_bottom=&#8221;110&#8243;][vc_column][vc_row_inner row_type=&#8221;row&#8221; text_align=&#8221;left&#8221; css_animation=&#8221;&#8221;][vc_column_inner width=&#8221;1\/2&#8243;][vc_column_text] Calidad&#8230;<\/p>\n","protected":false},"author":1,"featured_media":0,"parent":0,"menu_order":0,"comment_status":"open","ping_status":"open","template":"full_width.php","meta":{"footnotes":""},"class_list":["post-6327","page","type-page","status-publish","hentry"],"_links":{"self":[{"href":"https:\/\/costatropic.webrandcr.cloud\/index.php\/wp-json\/wp\/v2\/pages\/6327","targetHints":{"allow":["GET"]}}],"collection":[{"href":"https:\/\/costatropic.webrandcr.cloud\/index.php\/wp-json\/wp\/v2\/pages"}],"about":[{"href":"https:\/\/costatropic.webrandcr.cloud\/index.php\/wp-json\/wp\/v2\/types\/page"}],"author":[{"embeddable":true,"href":"https:\/\/costatropic.webrandcr.cloud\/index.php\/wp-json\/wp\/v2\/users\/1"}],"replies":[{"embeddable":true,"href":"https:\/\/costatropic.webrandcr.cloud\/index.php\/wp-json\/wp\/v2\/comments?post=6327"}],"version-history":[{"count":56,"href":"https:\/\/costatropic.webrandcr.cloud\/index.php\/wp-json\/wp\/v2\/pages\/6327\/revisions"}],"predecessor-version":[{"id":7740,"href":"https:\/\/costatropic.webrandcr.cloud\/index.php\/wp-json\/wp\/v2\/pages\/6327\/revisions\/7740"}],"wp:attachment":[{"href":"https:\/\/costatropic.webrandcr.cloud\/index.php\/wp-json\/wp\/v2\/media?parent=6327"}],"curies":[{"name":"wp","href":"https:\/\/api.w.org\/{rel}","templated":true}]}}