{"id":4699,"date":"2013-11-19T13:33:34","date_gmt":"2013-11-19T13:33:34","guid":{"rendered":"http:\/\/demo.qodeinteractive.com\/elision\/?page_id=4699"},"modified":"2025-12-17T23:39:19","modified_gmt":"2025-12-17T23:39:19","slug":"home","status":"publish","type":"page","link":"https:\/\/costatropic.webrandcr.cloud\/","title":{"rendered":"Home"},"content":{"rendered":"<section class=\"wpb-content-wrapper\">[vc_row row_type=&#8221;section&#8221; type=&#8221;grid&#8221; text_align=&#8221;center&#8221; video=&#8221;&#8221;][vc_column]\n\t\t\t\t<p class=\"rs-p-wp-fix\"><\/p>\n\t\t\t\t<sr7-module data-alias=\"Hover-Morph-Effect-Hero-Collection\" data-id=\"2\" id=\"SR7_2_1\" class=\"rs-ov-hidden\" data-version=\"6.7.40\">\n\t\t\t\t\t<sr7-adjuster><\/sr7-adjuster>\n\t\t\t\t\t<sr7-content>\n\t\t\t\t\t\t<sr7-slide id=\"SR7_2_1-3\" data-key=\"3\">\n\t\t\t\t\t\t\t<sr7-bg id=\"SR7_2_1-3-36\" class=\"sr7-layer\"><noscript><img decoding=\"async\" src=\"http:\/\/costatropic.webrandcr.cloud\/wp-content\/uploads\/2025\/12\/Mesa-de-trabajo-1-copia-2.png\" alt=\"\" title=\"Mesa de trabajo 1 copia 2\"><\/noscript><\/sr7-bg>\n\t\t\t\t\t\t\t<sr7-txt id=\"SR7_2_1-3-31\" class=\"sr7-layer\">EL SABOR TROPICAL QUE<br \/>\nCONQUISTA MERCADOS<br \/>\nINTERNACIONALES<\/sr7-txt>\n\t\t\t\t\t\t\t<sr7-txt id=\"SR7_2_1-3-35\" class=\"sr7-layer\">M\u00c1S DE 25 A\u00d1OS EXPORTANDO CALIDAD, SABOR Y SOSTENIBILIDAD<br \/>\nCON EL SELLO AUT\u00c9NTICO DE COSTA RICA.<\/sr7-txt>\n\t\t\t\t\t\t<\/sr7-slide>\n\t\t\t\t\t\t<sr7-slide id=\"SR7_2_1-15\" data-key=\"15\">\n\t\t\t\t\t\t\t<sr7-bg id=\"SR7_2_1-15-36\" class=\"sr7-layer\"><noscript><img decoding=\"async\" src=\"http:\/\/costatropic.webrandcr.cloud\/wp-content\/uploads\/2025\/12\/Mesa-de-trabajo-1-copia.png\" alt=\"\" title=\"Mesa de trabajo 1 copia\"><\/noscript><\/sr7-bg>\n\t\t\t\t\t\t\t<sr7-txt id=\"SR7_2_1-15-31\" class=\"sr7-layer\">TRANSFORMAMOS LO<br \/>\nNATURAL EN EXPERIENCIAS<br \/>\nIRRESISTIBLES<\/sr7-txt>\n\t\t\t\t\t\t\t<sr7-txt id=\"SR7_2_1-15-35\" class=\"sr7-layer\">DESCUBRE NUESTRA L\u00cdNEA DE PRODUCTOS FRESCOS Y CONGELADOS LISTOS PARA CAUTIVAR PALADARES EN CUALQUIER PARTE DEL MUNDO<\/sr7-txt>\n\t\t\t\t\t\t<\/sr7-slide>\n\t\t\t\t\t\t<sr7-slide id=\"SR7_2_1-8\" data-key=\"8\">\n\t\t\t\t\t\t<\/sr7-slide>\n\t\t\t\t\t<\/sr7-content>\n\t\t\t\t\t<image_lists style=\"display:none\">\n\t\t\t\t\t\t<img data-src=\"\/\/costatropic.webrandcr.cloud\/wp-content\/uploads\/2025\/12\/Mesa-de-trabajo-1-copia-2.png\" data-libid=\"7803\" data-lib=\"medialibrary\" title=\"Mesa de trabajo 1 copia 2\" width=\"0\" height=\"0\" data-dbsrc=\"Ly9jb3N0YXRyb3BpYy53ZWJyYW5kY3IuY2xvdWQvd3AtY29udGVudC91cGxvYWRzLzIwMjUvMTIvTWVzYS1kZS10cmFiYWpvLTEtY29waWEtMi5wbmc=\"\/>\n\t\t\t\t\t\t<img data-src=\"\/\/costatropic.webrandcr.cloud\/wp-content\/uploads\/2025\/12\/Mesa-de-trabajo-1-copia.png\" data-libid=\"7802\" data-lib=\"medialibrary\" title=\"Mesa de trabajo 1 copia\" width=\"0\" height=\"0\" data-dbsrc=\"Ly9jb3N0YXRyb3BpYy53ZWJyYW5kY3IuY2xvdWQvd3AtY29udGVudC91cGxvYWRzLzIwMjUvMTIvTWVzYS1kZS10cmFiYWpvLTEtY29waWEucG5n\"\/>\n\t\t\t\t\t<\/image_lists>\n\t\t\t\t<\/sr7-module>\n\t\t\t\t<script>\n\t\t\t\t\tSR7.PMH ??={}; SR7.PMH[\"SR7_2_1\"] = {cn:100,state:false,fn: function() { if (_tpt!==undefined && _tpt.prepareModuleHeight !== undefined) {  _tpt.prepareModuleHeight({id:\"SR7_2_1\",el:[900,900,768,960,720],type:'standard',shdw:'0',gh:[900,900,768,960,720],gw:[1240,1240,1024,778,480],vpt:['-100px&#039;,&#039;-100px&#039;,&#039;-100px&#039;,&#039;-100px&#039;,&#039;-100px'],size:{fullWidth:true, fullHeight:true},fho:'',mh:'0',onh:0,onw:0,bg:{color:'{\"type\":\"solid\",\"orig\":\"#ffffff\",\"string\":\"rgba(255, 255, 255, 1)\"}'}});   SR7.PMH[\"SR7_2_1\"].state=true;} else if(SR7.PMH[\"SR7_2_1\"].cn-->0)\tsetTimeout( SR7.PMH[\"SR7_2_1\"].fn,19);}};SR7.PMH[\"SR7_2_1\" ].fn();\n\t\t\t\t<\/script>\n[\/vc_column][\/vc_row][vc_row row_type=&#8221;section&#8221; type=&#8221;grid&#8221; text_align=&#8221;left&#8221; video=&#8221;&#8221; background_color=&#8221;#ffffff&#8221; padding_top=&#8221;100&#8243; padding_bottom=&#8221;87&#8243;][vc_column width=&#8221;1\/6&#8243;][vc_single_image image=&#8221;7773&#8243; img_size=&#8221;full&#8221; alignment=&#8221;center&#8221; css_animation=&#8221;bounceInLeft&#8221;][\/vc_column][vc_column width=&#8221;1\/6&#8243;][vc_column_text]\n<p style=\"color: #437abc; font-size: 12pt; font-weight: bold;\">Alimentos congelados<\/p>\n[\/vc_column_text][vc_column_text el_id=&#8221;r&#8221;]<span style=\"color: #000000;\">Provenientes de nuestras plantaciones en Costa Rica, conservan su sabor dulce y alto valor nutricional, garantizando calidad y frescura en cada producto.<\/span>[\/vc_column_text][\/vc_column][vc_column width=&#8221;1\/6&#8243;][vc_single_image image=&#8221;7771&#8243; img_size=&#8221;full&#8221; alignment=&#8221;center&#8221; css_animation=&#8221;bounceInLeft&#8221;][\/vc_column][vc_column width=&#8221;1\/6&#8243;][vc_column_text]\n<p style=\"color: #437abc; font-size: 12pt; font-weight: bold;\">Alimentos frescos<\/p>\n[\/vc_column_text][vc_column_text]<span style=\"color: #000000;\">Frescura y sabor natural en cada producto, seleccionados con cuidado para adaptarse a cualquier estilo culinario, desde el hogar hasta la alta cocina.<\/span>[\/vc_column_text][\/vc_column][vc_column width=&#8221;1\/6&#8243;][vc_single_image image=&#8221;7775&#8243; img_size=&#8221;full&#8221; alignment=&#8221;center&#8221; css_animation=&#8221;bounceInLeft&#8221;][\/vc_column][vc_column width=&#8221;1\/6&#8243;][vc_column_text]\n<p style=\"color: #437abc; font-size: 12pt; font-weight: bold;\">Pulpas de frutas<\/p>\n[\/vc_column_text][vc_column_text]<span style=\"color: #000000;\">Pura esencia tropical: 100 % naturales, sin aditivos ni az\u00facares a\u00f1adidos, que capturan los aut\u00e9nticos sabores de las frutas costarricenses.<\/span>[\/vc_column_text][\/vc_column][\/vc_row][vc_row row_type=&#8221;section&#8221; type=&#8221;grid&#8221; text_align=&#8221;left&#8221; video=&#8221;&#8221; background_color=&#8221;#7ecaef&#8221; border_color=&#8221;#7ecaef&#8221; padding_top=&#8221;80&#8243; padding_bottom=&#8221;80&#8243; css=&#8221;.vc_custom_1762918626521{background-color: #7ecaef !important;}&#8221;][vc_column width=&#8221;1\/2&#8243;][vc_row_inner row_type=&#8221;row&#8221; text_align=&#8221;center&#8221; css_animation=&#8221;element_from_left&#8221;][vc_column_inner][vc_single_image image=&#8221;7492&#8243; img_size=&#8221;full&#8221;][\/vc_column_inner][\/vc_row_inner][\/vc_column][vc_column width=&#8221;1\/2&#8243;][vc_row_inner row_type=&#8221;row&#8221; text_align=&#8221;left&#8221; css_animation=&#8221;&#8221;][vc_column_inner][vc_column_text]\n<h3><span style=\"color: #ffffff;\">\u00bfPor qu\u00e9 elegirnos?<\/span><\/h3>\n[\/vc_column_text][vc_separator type=&#8221;transparent&#8221; up=&#8221;12&#8243; down=&#8221;12&#8243;][vc_column_text]\n<p style=\"font-size: 12pt;\" data-start=\"188\" data-end=\"259\"><span style=\"color: #ffffff;\">En <strong data-start=\"124\" data-end=\"139\">Costatropic<\/strong>, unimos calidad, sabor y compromiso. Nuestros productos son cultivados y seleccionados con esmero para garantizar frescura y autenticidad. Cumplimos con est\u00e1ndares internacionales de exportaci\u00f3n, brindando confianza y seguridad en cada env\u00edo. Adem\u00e1s, apoyamos a los peque\u00f1os productores locales y ofrecemos una amplia variedad de alimentos vers\u00e1tiles e innovadores, inspirados en los sabores tropicales de Costa Rica.<\/span><\/p>\n[\/vc_column_text][vc_separator type=&#8221;transparent&#8221; up=&#8221;15&#8243; down=&#8221;15&#8243;]<a href=\"https:\/\/costatropic.webrandcr.cloud\/index.php\/contact\/\" target=\"_self\" class=\"qbutton  tiny\" style=\"\">Cont\u00e1ctenos<i class=\"fa fa-angle-right fa-lg\" style=\"\"><\/i><\/a>[\/vc_column_inner][\/vc_row_inner][\/vc_column][\/vc_row][vc_row row_type=&#8221;section&#8221; type=&#8221;grid&#8221; text_align=&#8221;left&#8221; video=&#8221;show_video&#8221; video_overlay=&#8221;show_video_overlay&#8221; background_color=&#8221;#2c2c2c&#8221; background_image=&#8221;7645&#8243; padding_top=&#8221;80&#8243; padding_bottom=&#8221;0&#8243;][vc_column][vc_separator type=&#8221;transparent&#8221; up=&#8221;10&#8243; down=&#8221;0&#8243;][vc_column_text]\n<h2 style=\"text-align: center;\"><span style=\"color: #ffffff;\">NUESTROS PRODUCTOS<\/span><\/h2>\n[\/vc_column_text][vc_separator type=&#8221;transparent&#8221; up=&#8221;15&#8243; down=&#8221;0&#8243;][vc_column_text][\/vc_column_text][vc_separator type=&#8221;transparent&#8221; up=&#8221;90&#8243; down=&#8221;0&#8243;][\/vc_column][\/vc_row][vc_row row_type=&#8221;section&#8221; type=&#8221;grid&#8221; text_align=&#8221;left&#8221; video=&#8221;&#8221; background_color=&#8221;#ffffff&#8221; padding_top=&#8221;100&#8243; padding_bottom=&#8221;87&#8243;][vc_column width=&#8221;1\/4&#8243;][vc_single_image image=&#8221;7646&#8243; img_size=&#8221;1200&#215;1200&#8243; alignment=&#8221;center&#8221; css_animation=&#8221;bounceInLeft&#8221;][\/vc_column][vc_column width=&#8221;1\/4&#8243;][vc_column_text]\n<p style=\"color: #437abc; font-size: 12pt; font-weight: bold;\">Yuca en trozos<\/p>\n[\/vc_column_text][vc_column_text]<span style=\"color: #000000;\">Yuca seleccionada, pelada y cortada en trozos uniformes, lista para cocinar o procesar conservando su sabor natural.<\/span>[\/vc_column_text][\/vc_column][vc_column width=&#8221;1\/4&#8243;][vc_single_image image=&#8221;7688&#8243; img_size=&#8221;1200&#215;1200&#8243; alignment=&#8221;center&#8221; css_animation=&#8221;bounceInLeft&#8221;][\/vc_column][vc_column width=&#8221;1\/4&#8243;][vc_column_text]\n<p style=\"color: #437abc; font-size: 12pt; font-weight: bold;\">Platano cups<\/p>\n[\/vc_column_text][vc_column_text]<span style=\"color: #000000;\">Rodajas de pl\u00e1tano verde precocidas y congeladas, listas para fre\u00edr y disfrutar con su aut\u00e9ntico sabor caribe\u00f1o.<\/span>[\/vc_column_text][\/vc_column][\/vc_row][vc_row row_type=&#8221;section&#8221; type=&#8221;grid&#8221; text_align=&#8221;left&#8221; video=&#8221;&#8221; background_color=&#8221;#ffffff&#8221; padding_top=&#8221;100&#8243; padding_bottom=&#8221;87&#8243;][vc_column width=&#8221;1\/4&#8243;][vc_single_image image=&#8221;7782&#8243; img_size=&#8221;1200&#215;1200&#8243; alignment=&#8221;center&#8221; css_animation=&#8221;bounceInLeft&#8221;][\/vc_column][vc_column width=&#8221;1\/4&#8243;][vc_column_text]\n<p style=\"color: #437abc; font-size: 12pt; font-weight: bold;\">Malanga fries<\/p>\n[\/vc_column_text][vc_column_text]<span style=\"color: #000000;\">Tub\u00e9rculo tropical de alto valor nutricional, pelado y listo para preparar pur\u00e9s, sopas o chips gourmet.<\/span>[\/vc_column_text][\/vc_column][vc_column width=&#8221;1\/4&#8243;][vc_single_image image=&#8221;7654&#8243; img_size=&#8221;1200&#215;1200&#8243; alignment=&#8221;center&#8221; css_animation=&#8221;bounceInLeft&#8221;][\/vc_column][vc_column width=&#8221;1\/4&#8243;][vc_column_text]\n<p style=\"color: #437abc; font-size: 12pt; font-weight: bold;\">Camote fries<\/p>\n[\/vc_column_text][vc_column_text]<span style=\"color: #000000;\">Camote en finas tiras, dulce y natural, perfecto como snack o guarnici\u00f3n tropical.<\/span>[\/vc_column_text][\/vc_column][\/vc_row][vc_row row_type=&#8221;row&#8221; text_align=&#8221;left&#8221; css_animation=&#8221;&#8221;][vc_column][vc_column_text]\n<h2 style=\"text-align: center;\">Presencia internacional comprobada<\/h2>\n[\/vc_column_text][vc_row_inner row_type=&#8221;section&#8221; type=&#8221;grid&#8221; text_align=&#8221;left&#8221;][vc_column_inner width=&#8221;1\/3&#8243;][vc_column_text]\n<h2 style=\"text-align: center;\">\ud83c\udf0dEuropa<\/h2>\n[\/vc_column_text][vc_separator type=&#8221;normal&#8221;][vc_column_text]\n<ul>\n<li data-start=\"198\" data-end=\"206\"><span style=\"color: #000000;\">Uni\u00f3n europea:<\/span>\n<ul>\n<li data-start=\"198\" data-end=\"206\"><span style=\"color: #000000;\">Espa\u00f1a<\/span><\/li>\n<li data-start=\"211\" data-end=\"235\"><span style=\"color: #000000;\">Pa\u00edses Bajos (Holanda)<\/span><\/li>\n<li data-start=\"240\" data-end=\"249\"><span style=\"color: #000000;\">Irlanda<\/span><\/li>\n<\/ul>\n<\/li>\n<li><span style=\"color: #000000;\">Reino Unido<\/span><\/li>\n<\/ul>\n[\/vc_column_text][\/vc_column_inner][vc_column_inner width=&#8221;1\/3&#8243;][vc_column_text]\n<h2 style=\"text-align: center;\">\ud83c\udf0dAmerica del norte<\/h2>\n[\/vc_column_text][vc_separator type=&#8221;normal&#8221;][vc_column_text]\n<ul>\n<li data-start=\"296\" data-end=\"318\"><span style=\"color: #000000;\">Estados Unidos (USA)<\/span><\/li>\n<li data-start=\"321\" data-end=\"334\"><span style=\"color: #000000;\">Puerto Rico<\/span><\/li>\n<li data-start=\"337\" data-end=\"345\"><span style=\"color: #000000;\">Canad\u00e1<\/span><\/li>\n<\/ul>\n[\/vc_column_text][\/vc_column_inner][vc_column_inner width=&#8221;1\/3&#8243;][vc_column_text]\n<h2 style=\"text-align: center;\">\ud83c\udf0dCaribe<\/h2>\n[\/vc_column_text][vc_separator type=&#8221;normal&#8221;][vc_column_text]\n<ul>\n<li data-start=\"363\" data-end=\"385\"><span style=\"color: #000000;\">Rep\u00fablica Dominicana<\/span><\/li>\n<li data-start=\"388\" data-end=\"395\"><span style=\"color: #000000;\">Aruba<\/span><\/li>\n<li data-start=\"398\" data-end=\"407\"><span style=\"color: #000000;\">Curazao<\/span><\/li>\n<\/ul>\n[\/vc_column_text][\/vc_column_inner][\/vc_row_inner][\/vc_column][\/vc_row][vc_row row_type=&#8221;row&#8221; text_align=&#8221;left&#8221; css_animation=&#8221;&#8221;][vc_column][vc_column_text]\n<h2 style=\"text-align: center;\"><span style=\"color: #000000;\">Nuestras certificaciones<\/span><\/h2>\n[\/vc_column_text][vc_row_inner row_type=&#8221;section&#8221; type=&#8221;grid&#8221; text_align=&#8221;center&#8221;][vc_column_inner width=&#8221;1\/2&#8243;][vc_single_image image=&#8221;7795&#8243; img_size=&#8221;full&#8221; alignment=&#8221;center&#8221;][\/vc_column_inner][vc_column_inner width=&#8221;1\/2&#8243;][vc_single_image image=&#8221;7797&#8243; img_size=&#8221;full&#8221; alignment=&#8221;center&#8221;][\/vc_column_inner][\/vc_row_inner][\/vc_column][\/vc_row]\n<\/section>","protected":false},"excerpt":{"rendered":"<p>[vc_row row_type=&#8221;section&#8221; type=&#8221;grid&#8221; text_align=&#8221;center&#8221; video=&#8221;&#8221;][vc_column][\/vc_column][\/vc_row][vc_row row_type=&#8221;section&#8221; type=&#8221;grid&#8221; text_align=&#8221;left&#8221; video=&#8221;&#8221; background_color=&#8221;#ffffff&#8221; padding_top=&#8221;100&#8243; padding_bottom=&#8221;87&#8243;][vc_column width=&#8221;1\/6&#8243;][vc_single_image image=&#8221;7773&#8243; img_size=&#8221;full&#8221; alignment=&#8221;center&#8221; css_animation=&#8221;bounceInLeft&#8221;][\/vc_column][vc_column width=&#8221;1\/6&#8243;][vc_column_text] Alimentos congelados [\/vc_column_text][vc_column_text el_id=&#8221;r&#8221;]Provenientes de nuestras plantaciones en Costa Rica, conservan su sabor dulce y alto valor nutricional, garantizando calidad y frescura en cada producto.[\/vc_column_text][\/vc_column][vc_column width=&#8221;1\/6&#8243;][vc_single_image image=&#8221;7771&#8243;&#8230;<\/p>\n","protected":false},"author":1,"featured_media":0,"parent":0,"menu_order":0,"comment_status":"open","ping_status":"closed","template":"full_width.php","meta":{"footnotes":""},"class_list":["post-4699","page","type-page","status-publish","hentry"],"_links":{"self":[{"href":"https:\/\/costatropic.webrandcr.cloud\/index.php\/wp-json\/wp\/v2\/pages\/4699","targetHints":{"allow":["GET"]}}],"collection":[{"href":"https:\/\/costatropic.webrandcr.cloud\/index.php\/wp-json\/wp\/v2\/pages"}],"about":[{"href":"https:\/\/costatropic.webrandcr.cloud\/index.php\/wp-json\/wp\/v2\/types\/page"}],"author":[{"embeddable":true,"href":"https:\/\/costatropic.webrandcr.cloud\/index.php\/wp-json\/wp\/v2\/users\/1"}],"replies":[{"embeddable":true,"href":"https:\/\/costatropic.webrandcr.cloud\/index.php\/wp-json\/wp\/v2\/comments?post=4699"}],"version-history":[{"count":117,"href":"https:\/\/costatropic.webrandcr.cloud\/index.php\/wp-json\/wp\/v2\/pages\/4699\/revisions"}],"predecessor-version":[{"id":7859,"href":"https:\/\/costatropic.webrandcr.cloud\/index.php\/wp-json\/wp\/v2\/pages\/4699\/revisions\/7859"}],"wp:attachment":[{"href":"https:\/\/costatropic.webrandcr.cloud\/index.php\/wp-json\/wp\/v2\/media?parent=4699"}],"curies":[{"name":"wp","href":"https:\/\/api.w.org\/{rel}","templated":true}]}}