{"id":1452,"date":"2013-10-16T12:05:38","date_gmt":"2013-10-16T12:05:38","guid":{"rendered":"http:\/\/demo.qodeinteractive.com\/elision\/?page_id=1452"},"modified":"2025-11-13T01:34:12","modified_gmt":"2025-11-13T01:34:12","slug":"contact","status":"publish","type":"page","link":"https:\/\/costatropic.webrandcr.cloud\/index.php\/contact\/","title":{"rendered":"Contact Us"},"content":{"rendered":"<section class=\"wpb-content-wrapper\">[vc_row row_type=&#8221;row&#8221; text_align=&#8221;left&#8221; css_animation=&#8221;&#8221;][vc_column][vc_column_text]\n<h4>Nuestras oficinas<\/h4>\n[\/vc_column_text][vc_separator type=&#8221;transparent&#8221; up=&#8221;0&#8243; down=&#8221;15&#8243;][vc_column_text]\n<p class=\"font_8 wixui-rich-text__text\"><span class=\"wixui-rich-text__text\" style=\"color: #000000;\">Ventas en Costa Rica<\/span><\/p>\n<p class=\"font_8 wixui-rich-text__text\"><span class=\"wixui-rich-text__text\" style=\"color: #000000;\">Pococ\u00ed, Gu\u00e1piles, Costa Rica<\/span><\/p>\n<p class=\"font_8 wixui-rich-text__text\"><span class=\"wixui-rich-text__text\" style=\"color: #000000;\"><a class=\"wixui-rich-text__text\" style=\"color: #000000;\" href=\"mailto:ventas@costatropic.co.cr\" data-auto-recognition=\"true\">ventas@costatropic.co.cr<\/a><\/span><\/p>\n<p class=\"font_8 wixui-rich-text__text\"><span class=\"wixui-rich-text__text\" style=\"color: #000000;\">Tel\u00e9fono: +506 40007500<\/span><\/p>\n[\/vc_column_text][vc_separator type=&#8221;transparent&#8221; up=&#8221;0&#8243; down=&#8221;25&#8243;][\/vc_column][\/vc_row]\n<\/section>","protected":false},"excerpt":{"rendered":"<p>[vc_row row_type=&#8221;row&#8221; text_align=&#8221;left&#8221; css_animation=&#8221;&#8221;][vc_column][vc_column_text] Nuestras oficinas [\/vc_column_text][vc_separator type=&#8221;transparent&#8221; up=&#8221;0&#8243; down=&#8221;15&#8243;][vc_column_text] Ventas en Costa Rica Pococ\u00ed, Gu\u00e1piles, Costa Rica ventas@costatropic.co.cr Tel\u00e9fono: +506 40007500 [\/vc_column_text][vc_separator type=&#8221;transparent&#8221; up=&#8221;0&#8243; down=&#8221;25&#8243;][\/vc_column][\/vc_row]<\/p>\n","protected":false},"author":1,"featured_media":0,"parent":0,"menu_order":0,"comment_status":"open","ping_status":"open","template":"contact-page.php","meta":{"footnotes":""},"class_list":["post-1452","page","type-page","status-publish","hentry"],"_links":{"self":[{"href":"https:\/\/costatropic.webrandcr.cloud\/index.php\/wp-json\/wp\/v2\/pages\/1452","targetHints":{"allow":["GET"]}}],"collection":[{"href":"https:\/\/costatropic.webrandcr.cloud\/index.php\/wp-json\/wp\/v2\/pages"}],"about":[{"href":"https:\/\/costatropic.webrandcr.cloud\/index.php\/wp-json\/wp\/v2\/types\/page"}],"author":[{"embeddable":true,"href":"https:\/\/costatropic.webrandcr.cloud\/index.php\/wp-json\/wp\/v2\/users\/1"}],"replies":[{"embeddable":true,"href":"https:\/\/costatropic.webrandcr.cloud\/index.php\/wp-json\/wp\/v2\/comments?post=1452"}],"version-history":[{"count":3,"href":"https:\/\/costatropic.webrandcr.cloud\/index.php\/wp-json\/wp\/v2\/pages\/1452\/revisions"}],"predecessor-version":[{"id":7580,"href":"https:\/\/costatropic.webrandcr.cloud\/index.php\/wp-json\/wp\/v2\/pages\/1452\/revisions\/7580"}],"wp:attachment":[{"href":"https:\/\/costatropic.webrandcr.cloud\/index.php\/wp-json\/wp\/v2\/media?parent=1452"}],"curies":[{"name":"wp","href":"https:\/\/api.w.org\/{rel}","templated":true}]}}